{"id":380,"date":"2021-01-27T12:43:14","date_gmt":"2021-01-27T15:43:14","guid":{"rendered":"https:\/\/alapa.org.br\/es\/?page_id=380"},"modified":"2021-06-08T12:38:28","modified_gmt":"2021-06-08T15:38:28","slug":"rueda","status":"publish","type":"page","link":"https:\/\/alapa.org.br\/es\/informacoes-tecnicas\/rueda\/","title":{"rendered":"Rueda"},"content":{"rendered":"\t\t<div data-elementor-type=\"wp-page\" data-elementor-id=\"380\" class=\"elementor elementor-380\" data-elementor-settings=\"[]\">\n\t\t\t\t\t\t<div class=\"elementor-inner\">\n\t\t\t\t\t\t\t<div class=\"elementor-section-wrap\">\n\t\t\t\t\t\t\t<section class=\"elementor-section elementor-top-section elementor-element elementor-element-5aa0242 elementor-section-height-min-height elementor-section-boxed elementor-section-height-default elementor-section-items-middle\" data-id=\"5aa0242\" data-element_type=\"section\" data-settings=\"{&quot;background_background&quot;:&quot;classic&quot;}\">\n\t\t\t\t\t\t\t<div class=\"elementor-background-overlay\"><\/div>\n\t\t\t\t\t\t\t<div class=\"elementor-container elementor-column-gap-default\">\n\t\t\t\t\t\t\t<div class=\"elementor-row\">\n\t\t\t\t\t<div class=\"elementor-column elementor-col-100 elementor-top-column elementor-element elementor-element-8cdcb87\" data-id=\"8cdcb87\" data-element_type=\"column\">\n\t\t\t<div class=\"elementor-column-wrap elementor-element-populated\">\n\t\t\t\t\t\t\t<div class=\"elementor-widget-wrap\">\n\t\t\t\t\t\t<div class=\"elementor-element elementor-element-60750b6 elementor-widget elementor-widget-heading\" data-id=\"60750b6\" data-element_type=\"widget\" data-widget_type=\"heading.default\">\n\t\t\t\t<div class=\"elementor-widget-container\">\n\t\t\t<h2 class=\"elementor-heading-title elementor-size-default\">Informaciones T\u00e9cnicas<\/h2>\t\t<\/div>\n\t\t\t\t<\/div>\n\t\t\t\t\t\t<\/div>\n\t\t\t\t\t<\/div>\n\t\t<\/div>\n\t\t\t\t\t\t\t\t<\/div>\n\t\t\t\t\t<\/div>\n\t\t<\/section>\n\t\t\t\t<section class=\"elementor-section elementor-top-section elementor-element elementor-element-5a6cab7 elementor-section-height-min-height elementor-section-boxed elementor-section-height-default elementor-section-items-middle\" data-id=\"5a6cab7\" data-element_type=\"section\">\n\t\t\t\t\t\t<div class=\"elementor-container elementor-column-gap-default\">\n\t\t\t\t\t\t\t<div class=\"elementor-row\">\n\t\t\t\t\t<div class=\"elementor-column elementor-col-100 elementor-top-column elementor-element elementor-element-4101213\" data-id=\"4101213\" data-element_type=\"column\">\n\t\t\t<div class=\"elementor-column-wrap elementor-element-populated\">\n\t\t\t\t\t\t\t<div class=\"elementor-widget-wrap\">\n\t\t\t\t\t\t<div class=\"elementor-element elementor-element-c43eadb elementor-widget elementor-widget-heading\" data-id=\"c43eadb\" data-element_type=\"widget\" data-widget_type=\"heading.default\">\n\t\t\t\t<div class=\"elementor-widget-container\">\n\t\t\t<h3 class=\"elementor-heading-title elementor-size-default\">Rueda<\/h3>\t\t<\/div>\n\t\t\t\t<\/div>\n\t\t\t\t<div class=\"elementor-element elementor-element-6ffc3dd elementor-widget-divider--view-line elementor-widget elementor-widget-divider\" data-id=\"6ffc3dd\" data-element_type=\"widget\" data-widget_type=\"divider.default\">\n\t\t\t\t<div class=\"elementor-widget-container\">\n\t\t\t\t\t<div class=\"elementor-divider\">\n\t\t\t<span class=\"elementor-divider-separator\">\n\t\t\t\t\t\t<\/span>\n\t\t<\/div>\n\t\t\t\t<\/div>\n\t\t\t\t<\/div>\n\t\t\t\t<div class=\"elementor-element elementor-element-3aad183 elementor-widget elementor-widget-text-editor\" data-id=\"3aad183\" data-element_type=\"widget\" data-widget_type=\"text-editor.default\">\n\t\t\t\t<div class=\"elementor-widget-container\">\n\t\t\t\t\t<div class=\"elementor-text-editor elementor-clearfix\">Este modelo de roda est\u00e1 servindo como exemplo para explicar a nomenclatura de seus componentes. Para informa\u00e7\u00f5es completas, por favor acesse o <a class=\"download-manual\" href=\"#\">Manual T\u00e9cnico<\/a>.<\/div>\n\t\t\t\t<\/div>\n\t\t\t\t<\/div>\n\t\t\t\t<div class=\"elementor-element elementor-element-1864302 elementor-widget elementor-widget-heading\" data-id=\"1864302\" data-element_type=\"widget\" data-widget_type=\"heading.default\">\n\t\t\t\t<div class=\"elementor-widget-container\">\n\t\t\t<h2 class=\"elementor-heading-title elementor-size-default\">Rueda de disco (placa de acero) Composici\u00f3n<\/h2>\t\t<\/div>\n\t\t\t\t<\/div>\n\t\t\t\t<div class=\"elementor-element elementor-element-713f74d elementor-widget elementor-widget-image\" data-id=\"713f74d\" data-element_type=\"widget\" data-widget_type=\"image.default\">\n\t\t\t\t<div class=\"elementor-widget-container\">\n\t\t\t\t\t<div class=\"elementor-image\">\n\t\t\t\t\t\t\t\t\t\t<img loading=\"lazy\" decoding=\"async\" width=\"369\" height=\"225\" src=\"https:\/\/alapa.org.br\/es\/wp-content\/uploads\/2021\/01\/img01-inf-roda.jpg\" class=\"attachment-large size-large\" alt=\"\" srcset=\"https:\/\/alapa.org.br\/es\/wp-content\/uploads\/2021\/01\/img01-inf-roda.jpg 369w, https:\/\/alapa.org.br\/es\/wp-content\/uploads\/2021\/01\/img01-inf-roda-300x183.jpg 300w\" sizes=\"auto, (max-width: 369px) 100vw, 369px\" \/>\t\t\t\t\t\t\t\t\t\t\t<\/div>\n\t\t\t\t<\/div>\n\t\t\t\t<\/div>\n\t\t\t\t<section class=\"elementor-section elementor-inner-section elementor-element elementor-element-ba49b31 elementor-section-boxed elementor-section-height-default elementor-section-height-default\" data-id=\"ba49b31\" data-element_type=\"section\">\n\t\t\t\t\t\t<div class=\"elementor-container elementor-column-gap-default\">\n\t\t\t\t\t\t\t<div class=\"elementor-row\">\n\t\t\t\t\t<div class=\"elementor-column elementor-col-50 elementor-inner-column elementor-element elementor-element-8b66e4d\" data-id=\"8b66e4d\" data-element_type=\"column\">\n\t\t\t<div class=\"elementor-column-wrap elementor-element-populated\">\n\t\t\t\t\t\t\t<div class=\"elementor-widget-wrap\">\n\t\t\t\t\t\t<div class=\"elementor-element elementor-element-bf8d7f1 elementor-widget elementor-widget-text-editor\" data-id=\"bf8d7f1\" data-element_type=\"widget\" data-widget_type=\"text-editor.default\">\n\t\t\t\t<div class=\"elementor-widget-container\">\n\t\t\t\t\t<div class=\"elementor-text-editor elementor-clearfix\"><p><strong>Rueda (perfil)<\/strong><\/p><p>Nomenclatura<\/p><p>1 &#8211; Anchura del aro o distancia entre la brida (L)<\/p><p>2 \u2013 Di\u00e1metro del orificio para v\u00e1lvula<\/p><p>3 &#8211; Profundidad de montaje (PF) u Offset<\/p><p>4 -Distancia de montaje<\/p><p>5 -Di\u00e1metro de los agujeros para fijaci\u00f3n.<\/p><p>6 &#8211; Di\u00e1metro de los agujeros para fijar<\/p><p>7 \u2013 \u00c1ngulo de los agujeros o di\u00e1metro de la esfera.<\/p><p>8 \u2013 Di\u00e1metro del c\u00edrculo de los agujeros para fijar<\/p><p>9 &#8211; Afloje del asiento<\/p><p>10 \u2013 Di\u00e1metro del agujero central<\/p><p>11 &#8211; Soldadura de conexi\u00f3n<\/p><p>12 \u2013 Di\u00e1metro del orificio gu\u00eda auxiliar \/ tapacubo<\/p><p>13 -Di\u00e1metro del c\u00edrculo de los agujeros gu\u00eda<\/p><p>14 \u2013 Di\u00e1metro nominal del Aro (d)<\/p><p>15 &#8211; Superficie de soporte<\/p><\/div>\n\t\t\t\t<\/div>\n\t\t\t\t<\/div>\n\t\t\t\t\t\t<\/div>\n\t\t\t\t\t<\/div>\n\t\t<\/div>\n\t\t\t\t<div class=\"elementor-column elementor-col-50 elementor-inner-column elementor-element elementor-element-0a72a27\" data-id=\"0a72a27\" data-element_type=\"column\">\n\t\t\t<div class=\"elementor-column-wrap elementor-element-populated\">\n\t\t\t\t\t\t\t<div class=\"elementor-widget-wrap\">\n\t\t\t\t\t\t<div class=\"elementor-element elementor-element-fd0ab79 elementor-widget elementor-widget-image\" data-id=\"fd0ab79\" data-element_type=\"widget\" data-widget_type=\"image.default\">\n\t\t\t\t<div class=\"elementor-widget-container\">\n\t\t\t\t\t<div class=\"elementor-image\">\n\t\t\t\t\t\t\t\t\t\t<img loading=\"lazy\" decoding=\"async\" width=\"129\" height=\"260\" src=\"https:\/\/alapa.org.br\/es\/wp-content\/uploads\/2021\/01\/img02-inf-roda.jpg\" class=\"attachment-large size-large\" alt=\"\" \/>\t\t\t\t\t\t\t\t\t\t\t<\/div>\n\t\t\t\t<\/div>\n\t\t\t\t<\/div>\n\t\t\t\t\t\t<\/div>\n\t\t\t\t\t<\/div>\n\t\t<\/div>\n\t\t\t\t\t\t\t\t<\/div>\n\t\t\t\t\t<\/div>\n\t\t<\/section>\n\t\t\t\t\t\t<\/div>\n\t\t\t\t\t<\/div>\n\t\t<\/div>\n\t\t\t\t\t\t\t\t<\/div>\n\t\t\t\t\t<\/div>\n\t\t<\/section>\n\t\t\t\t\t\t<\/div>\n\t\t\t\t\t\t<\/div>\n\t\t\t\t\t<\/div>\n\t\t","protected":false},"excerpt":{"rendered":"<p>Informaciones T\u00e9cnicas Rueda Este modelo de roda est\u00e1 servindo como exemplo para explicar a nomenclatura de seus componentes. Para informa\u00e7\u00f5es completas, por favor acesse o Manual T\u00e9cnico. Rueda de disco (placa de acero) Composici\u00f3n Rueda (perfil) Nomenclatura 1 &#8211; Anchura del aro o distancia entre la brida (L) 2 \u2013 Di\u00e1metro del orificio para v\u00e1lvula [&hellip;]<\/p>\n","protected":false},"author":1,"featured_media":0,"parent":378,"menu_order":0,"comment_status":"closed","ping_status":"closed","template":"elementor_header_footer","meta":{"footnotes":""},"class_list":["post-380","page","type-page","status-publish","hentry"],"_links":{"self":[{"href":"https:\/\/alapa.org.br\/es\/wp-json\/wp\/v2\/pages\/380","targetHints":{"allow":["GET"]}}],"collection":[{"href":"https:\/\/alapa.org.br\/es\/wp-json\/wp\/v2\/pages"}],"about":[{"href":"https:\/\/alapa.org.br\/es\/wp-json\/wp\/v2\/types\/page"}],"author":[{"embeddable":true,"href":"https:\/\/alapa.org.br\/es\/wp-json\/wp\/v2\/users\/1"}],"replies":[{"embeddable":true,"href":"https:\/\/alapa.org.br\/es\/wp-json\/wp\/v2\/comments?post=380"}],"version-history":[{"count":20,"href":"https:\/\/alapa.org.br\/es\/wp-json\/wp\/v2\/pages\/380\/revisions"}],"predecessor-version":[{"id":1232,"href":"https:\/\/alapa.org.br\/es\/wp-json\/wp\/v2\/pages\/380\/revisions\/1232"}],"up":[{"embeddable":true,"href":"https:\/\/alapa.org.br\/es\/wp-json\/wp\/v2\/pages\/378"}],"wp:attachment":[{"href":"https:\/\/alapa.org.br\/es\/wp-json\/wp\/v2\/media?parent=380"}],"curies":[{"name":"wp","href":"https:\/\/api.w.org\/{rel}","templated":true}]}}