{"id":391,"date":"2021-01-27T12:48:33","date_gmt":"2021-01-27T15:48:33","guid":{"rendered":"https:\/\/alapa.org.br\/es\/?page_id=391"},"modified":"2021-06-15T14:05:54","modified_gmt":"2021-06-15T17:05:54","slug":"etica","status":"publish","type":"page","link":"https:\/\/alapa.org.br\/es\/etica\/","title":{"rendered":"\u00c9tica"},"content":{"rendered":"\t\t<div data-elementor-type=\"wp-page\" data-elementor-id=\"391\" class=\"elementor elementor-391\" data-elementor-settings=\"[]\">\n\t\t\t\t\t\t<div class=\"elementor-inner\">\n\t\t\t\t\t\t\t<div class=\"elementor-section-wrap\">\n\t\t\t\t\t\t\t<section class=\"elementor-section elementor-top-section elementor-element elementor-element-53e321b elementor-section-height-min-height elementor-section-boxed elementor-section-height-default elementor-section-items-middle\" data-id=\"53e321b\" data-element_type=\"section\" data-settings=\"{&quot;background_background&quot;:&quot;classic&quot;}\">\n\t\t\t\t\t\t\t<div class=\"elementor-background-overlay\"><\/div>\n\t\t\t\t\t\t\t<div class=\"elementor-container elementor-column-gap-default\">\n\t\t\t\t\t\t\t<div class=\"elementor-row\">\n\t\t\t\t\t<div class=\"elementor-column elementor-col-100 elementor-top-column elementor-element elementor-element-5fa1924\" data-id=\"5fa1924\" data-element_type=\"column\">\n\t\t\t<div class=\"elementor-column-wrap elementor-element-populated\">\n\t\t\t\t\t\t\t<div class=\"elementor-widget-wrap\">\n\t\t\t\t\t\t<div class=\"elementor-element elementor-element-3e8b0a6 elementor-widget elementor-widget-heading\" data-id=\"3e8b0a6\" data-element_type=\"widget\" data-widget_type=\"heading.default\">\n\t\t\t\t<div class=\"elementor-widget-container\">\n\t\t\t<h2 class=\"elementor-heading-title elementor-size-default\">C\u00d3DIGO DE CONDUTA<\/h2>\t\t<\/div>\n\t\t\t\t<\/div>\n\t\t\t\t\t\t<\/div>\n\t\t\t\t\t<\/div>\n\t\t<\/div>\n\t\t\t\t\t\t\t\t<\/div>\n\t\t\t\t\t<\/div>\n\t\t<\/section>\n\t\t\t\t<section class=\"elementor-section elementor-top-section elementor-element elementor-element-f3d7c62 elementor-section-height-min-height elementor-section-boxed elementor-section-height-default elementor-section-items-middle\" data-id=\"f3d7c62\" data-element_type=\"section\">\n\t\t\t\t\t\t<div class=\"elementor-container elementor-column-gap-default\">\n\t\t\t\t\t\t\t<div class=\"elementor-row\">\n\t\t\t\t\t<div class=\"elementor-column elementor-col-100 elementor-top-column elementor-element elementor-element-48cc8d9\" data-id=\"48cc8d9\" data-element_type=\"column\">\n\t\t\t<div class=\"elementor-column-wrap elementor-element-populated\">\n\t\t\t\t\t\t\t<div class=\"elementor-widget-wrap\">\n\t\t\t\t\t\t<div class=\"elementor-element elementor-element-8c2d426 elementor-widget elementor-widget-heading\" data-id=\"8c2d426\" data-element_type=\"widget\" data-widget_type=\"heading.default\">\n\t\t\t\t<div class=\"elementor-widget-container\">\n\t\t\t<h3 class=\"elementor-heading-title elementor-size-default\">EL PROP\u00d3SITO DEL C\u00d3DIGO DE \u00c9TICA Y CONDUCTA<\/h3>\t\t<\/div>\n\t\t\t\t<\/div>\n\t\t\t\t<div class=\"elementor-element elementor-element-e4174c4 elementor-widget-divider--view-line elementor-widget elementor-widget-divider\" data-id=\"e4174c4\" data-element_type=\"widget\" data-widget_type=\"divider.default\">\n\t\t\t\t<div class=\"elementor-widget-container\">\n\t\t\t\t\t<div class=\"elementor-divider\">\n\t\t\t<span class=\"elementor-divider-separator\">\n\t\t\t\t\t\t<\/span>\n\t\t<\/div>\n\t\t\t\t<\/div>\n\t\t\t\t<\/div>\n\t\t\t\t<div class=\"elementor-element elementor-element-0ba964c elementor-widget elementor-widget-text-editor\" data-id=\"0ba964c\" data-element_type=\"widget\" data-widget_type=\"text-editor.default\">\n\t\t\t\t<div class=\"elementor-widget-container\">\n\t\t\t\t\t<div class=\"elementor-text-editor elementor-clearfix\"><p>El c\u00f3digo de \u00e9tica proporciona una gu\u00eda que debe orientar sus decisiones. Es necesario leer y asimilar este c\u00f3digo y ante las diversas situaciones a las que se puede someter, considere siempre para la toma de decisiones, el respeto a las leyes aplicables. El C\u00f3digo de \u00c9tica es una herramienta de apoyo para que los objetivos del Sistema ANIP puedan alcanzarse de manera transparente y de conformidad con la legislaci\u00f3n vigente.<\/p><\/div>\n\t\t\t\t<\/div>\n\t\t\t\t<\/div>\n\t\t\t\t<section class=\"elementor-section elementor-inner-section elementor-element elementor-element-3072be5 elementor-section-boxed elementor-section-height-default elementor-section-height-default\" data-id=\"3072be5\" data-element_type=\"section\">\n\t\t\t\t\t\t<div class=\"elementor-container elementor-column-gap-default\">\n\t\t\t\t\t\t\t<div class=\"elementor-row\">\n\t\t\t\t\t<div class=\"elementor-column elementor-col-50 elementor-inner-column elementor-element elementor-element-194b65e\" data-id=\"194b65e\" data-element_type=\"column\">\n\t\t\t<div class=\"elementor-column-wrap elementor-element-populated\">\n\t\t\t\t\t\t\t<div class=\"elementor-widget-wrap\">\n\t\t\t\t\t\t<div class=\"elementor-element elementor-element-80822ae elementor-widget elementor-widget-image\" data-id=\"80822ae\" data-element_type=\"widget\" data-widget_type=\"image.default\">\n\t\t\t\t<div class=\"elementor-widget-container\">\n\t\t\t\t\t<div class=\"elementor-image\">\n\t\t\t\t\t\t\t\t\t\t<img loading=\"lazy\" decoding=\"async\" width=\"311\" height=\"373\" src=\"https:\/\/alapa.org.br\/es\/wp-content\/uploads\/2021\/06\/Imagem-Codigo-de-etica-e-conduta_ES.png\" class=\"attachment-large size-large\" alt=\"\" srcset=\"https:\/\/alapa.org.br\/es\/wp-content\/uploads\/2021\/06\/Imagem-Codigo-de-etica-e-conduta_ES.png 311w, https:\/\/alapa.org.br\/es\/wp-content\/uploads\/2021\/06\/Imagem-Codigo-de-etica-e-conduta_ES-250x300.png 250w\" sizes=\"auto, (max-width: 311px) 100vw, 311px\" \/>\t\t\t\t\t\t\t\t\t\t\t<\/div>\n\t\t\t\t<\/div>\n\t\t\t\t<\/div>\n\t\t\t\t\t\t<\/div>\n\t\t\t\t\t<\/div>\n\t\t<\/div>\n\t\t\t\t<div class=\"elementor-column elementor-col-50 elementor-inner-column elementor-element elementor-element-ee1aac5\" data-id=\"ee1aac5\" data-element_type=\"column\">\n\t\t\t<div class=\"elementor-column-wrap elementor-element-populated\">\n\t\t\t\t\t\t\t<div class=\"elementor-widget-wrap\">\n\t\t\t\t\t\t<div class=\"elementor-element elementor-element-07f8436 elementor-position-left elementor-vertical-align-middle elementor-widget elementor-widget-image-box\" data-id=\"07f8436\" data-element_type=\"widget\" data-widget_type=\"image-box.default\">\n\t\t\t\t<div class=\"elementor-widget-container\">\n\t\t\t<div class=\"elementor-image-box-wrapper\"><figure class=\"elementor-image-box-img\"><a href=\"https:\/\/alapa.org.br\/es\/wp-content\/uploads\/2021\/04\/CODIGO-DE-ETICA-E-CONDUTA-DO-SISTEMA-ANIP_ALAPA.pdf\" target=\"_blank\" rel=\"nofollow\"><img loading=\"lazy\" decoding=\"async\" width=\"46\" height=\"46\" src=\"https:\/\/alapa.org.br\/es\/wp-content\/uploads\/2021\/01\/pdf-download.png\" class=\"attachment-full size-full\" alt=\"\" \/><\/a><\/figure><div class=\"elementor-image-box-content\"><h3 class=\"elementor-image-box-title\"><a href=\"https:\/\/alapa.org.br\/es\/wp-content\/uploads\/2021\/04\/CODIGO-DE-ETICA-E-CONDUTA-DO-SISTEMA-ANIP_ALAPA.pdf\" target=\"_blank\" rel=\"nofollow\">DESCARGAR PDF DEL C\u00d3DIGO DE \u00c9TICA<\/a><\/h3><\/div><\/div>\t\t<\/div>\n\t\t\t\t<\/div>\n\t\t\t\t\t\t<\/div>\n\t\t\t\t\t<\/div>\n\t\t<\/div>\n\t\t\t\t\t\t\t\t<\/div>\n\t\t\t\t\t<\/div>\n\t\t<\/section>\n\t\t\t\t\t\t<\/div>\n\t\t\t\t\t<\/div>\n\t\t<\/div>\n\t\t\t\t\t\t\t\t<\/div>\n\t\t\t\t\t<\/div>\n\t\t<\/section>\n\t\t\t\t<section class=\"elementor-section elementor-top-section elementor-element elementor-element-3541a06 elementor-section-height-min-height elementor-section-boxed elementor-section-height-default elementor-section-items-middle\" data-id=\"3541a06\" data-element_type=\"section\">\n\t\t\t\t\t\t<div class=\"elementor-container elementor-column-gap-default\">\n\t\t\t\t\t\t\t<div class=\"elementor-row\">\n\t\t\t\t\t<div class=\"elementor-column elementor-col-100 elementor-top-column elementor-element elementor-element-96f52c1\" data-id=\"96f52c1\" data-element_type=\"column\">\n\t\t\t<div class=\"elementor-column-wrap elementor-element-populated\">\n\t\t\t\t\t\t\t<div class=\"elementor-widget-wrap\">\n\t\t\t\t\t\t<div class=\"elementor-element elementor-element-d95296f elementor-widget elementor-widget-heading\" data-id=\"d95296f\" data-element_type=\"widget\" data-widget_type=\"heading.default\">\n\t\t\t\t<div class=\"elementor-widget-container\">\n\t\t\t<h3 class=\"elementor-heading-title elementor-size-default\">CANAL DE \u00c9TICA<\/h3>\t\t<\/div>\n\t\t\t\t<\/div>\n\t\t\t\t<div class=\"elementor-element elementor-element-d367253 elementor-widget-divider--view-line elementor-widget elementor-widget-divider\" data-id=\"d367253\" data-element_type=\"widget\" data-widget_type=\"divider.default\">\n\t\t\t\t<div class=\"elementor-widget-container\">\n\t\t\t\t\t<div class=\"elementor-divider\">\n\t\t\t<span class=\"elementor-divider-separator\">\n\t\t\t\t\t\t<\/span>\n\t\t<\/div>\n\t\t\t\t<\/div>\n\t\t\t\t<\/div>\n\t\t\t\t<div class=\"elementor-element elementor-element-c462d99 elementor-widget elementor-widget-text-editor\" data-id=\"c462d99\" data-element_type=\"widget\" data-widget_type=\"text-editor.default\">\n\t\t\t\t<div class=\"elementor-widget-container\">\n\t\t\t\t\t<div class=\"elementor-text-editor elementor-clearfix\"><p><a href=\"https:\/\/www.linhaetica.com.br\/etica\/sistemaanip\" target=\"_blank\" rel=\"noopener\"><strong><span style=\"color: #007bc2;\">Haga clic aqu\u00ed<\/span><\/strong><\/a> para ser redireccionado al Canal de \u00c9tica del Sistema ANIP, administrado por la empresa KPMG. All\u00ed usted podr\u00e1 hacer o acompa\u00f1ar su relato.<\/p><\/div>\n\t\t\t\t<\/div>\n\t\t\t\t<\/div>\n\t\t\t\t\t\t<\/div>\n\t\t\t\t\t<\/div>\n\t\t<\/div>\n\t\t\t\t\t\t\t\t<\/div>\n\t\t\t\t\t<\/div>\n\t\t<\/section>\n\t\t\t\t\t\t<\/div>\n\t\t\t\t\t\t<\/div>\n\t\t\t\t\t<\/div>\n\t\t","protected":false},"excerpt":{"rendered":"<p>C\u00d3DIGO DE CONDUTA EL PROP\u00d3SITO DEL C\u00d3DIGO DE \u00c9TICA Y CONDUCTA El c\u00f3digo de \u00e9tica proporciona una gu\u00eda que debe orientar sus decisiones. Es necesario leer y asimilar este c\u00f3digo y ante las diversas situaciones a las que se puede someter, considere siempre para la toma de decisiones, el respeto a las leyes aplicables. El [&hellip;]<\/p>\n","protected":false},"author":1,"featured_media":0,"parent":0,"menu_order":0,"comment_status":"closed","ping_status":"closed","template":"elementor_header_footer","meta":{"footnotes":""},"class_list":["post-391","page","type-page","status-publish","hentry"],"_links":{"self":[{"href":"https:\/\/alapa.org.br\/es\/wp-json\/wp\/v2\/pages\/391","targetHints":{"allow":["GET"]}}],"collection":[{"href":"https:\/\/alapa.org.br\/es\/wp-json\/wp\/v2\/pages"}],"about":[{"href":"https:\/\/alapa.org.br\/es\/wp-json\/wp\/v2\/types\/page"}],"author":[{"embeddable":true,"href":"https:\/\/alapa.org.br\/es\/wp-json\/wp\/v2\/users\/1"}],"replies":[{"embeddable":true,"href":"https:\/\/alapa.org.br\/es\/wp-json\/wp\/v2\/comments?post=391"}],"version-history":[{"count":34,"href":"https:\/\/alapa.org.br\/es\/wp-json\/wp\/v2\/pages\/391\/revisions"}],"predecessor-version":[{"id":1271,"href":"https:\/\/alapa.org.br\/es\/wp-json\/wp\/v2\/pages\/391\/revisions\/1271"}],"wp:attachment":[{"href":"https:\/\/alapa.org.br\/es\/wp-json\/wp\/v2\/media?parent=391"}],"curies":[{"name":"wp","href":"https:\/\/api.w.org\/{rel}","templated":true}]}}