{"id":407,"date":"2021-01-27T15:11:00","date_gmt":"2021-01-27T18:11:00","guid":{"rendered":"https:\/\/alapa.org.br\/es\/?page_id=407"},"modified":"2021-06-08T12:56:25","modified_gmt":"2021-06-08T15:56:25","slug":"enlaces","status":"publish","type":"page","link":"https:\/\/alapa.org.br\/es\/enlaces\/","title":{"rendered":"Enlaces"},"content":{"rendered":"\t\t<div data-elementor-type=\"wp-page\" data-elementor-id=\"407\" class=\"elementor elementor-407\" data-elementor-settings=\"[]\">\n\t\t\t\t\t\t<div class=\"elementor-inner\">\n\t\t\t\t\t\t\t<div class=\"elementor-section-wrap\">\n\t\t\t\t\t\t\t<section class=\"elementor-section elementor-top-section elementor-element elementor-element-4ce2f44 elementor-section-height-min-height elementor-section-boxed elementor-section-height-default elementor-section-items-middle\" data-id=\"4ce2f44\" data-element_type=\"section\" data-settings=\"{&quot;background_background&quot;:&quot;classic&quot;}\">\n\t\t\t\t\t\t\t<div class=\"elementor-background-overlay\"><\/div>\n\t\t\t\t\t\t\t<div class=\"elementor-container elementor-column-gap-default\">\n\t\t\t\t\t\t\t<div class=\"elementor-row\">\n\t\t\t\t\t<div class=\"elementor-column elementor-col-100 elementor-top-column elementor-element elementor-element-d84f0fc\" data-id=\"d84f0fc\" data-element_type=\"column\">\n\t\t\t<div class=\"elementor-column-wrap elementor-element-populated\">\n\t\t\t\t\t\t\t<div class=\"elementor-widget-wrap\">\n\t\t\t\t\t\t<div class=\"elementor-element elementor-element-6158e7e elementor-widget elementor-widget-heading\" data-id=\"6158e7e\" data-element_type=\"widget\" data-widget_type=\"heading.default\">\n\t\t\t\t<div class=\"elementor-widget-container\">\n\t\t\t<h2 class=\"elementor-heading-title elementor-size-default\">Enlaces<\/h2>\t\t<\/div>\n\t\t\t\t<\/div>\n\t\t\t\t\t\t<\/div>\n\t\t\t\t\t<\/div>\n\t\t<\/div>\n\t\t\t\t\t\t\t\t<\/div>\n\t\t\t\t\t<\/div>\n\t\t<\/section>\n\t\t\t\t<section class=\"elementor-section elementor-top-section elementor-element elementor-element-d15f4a5 elementor-section-height-min-height elementor-section-boxed elementor-section-height-default elementor-section-items-middle\" data-id=\"d15f4a5\" data-element_type=\"section\">\n\t\t\t\t\t\t<div class=\"elementor-container elementor-column-gap-default\">\n\t\t\t\t\t\t\t<div class=\"elementor-row\">\n\t\t\t\t\t<div class=\"elementor-column elementor-col-100 elementor-top-column elementor-element elementor-element-3a8b1ae\" data-id=\"3a8b1ae\" data-element_type=\"column\">\n\t\t\t<div class=\"elementor-column-wrap elementor-element-populated\">\n\t\t\t\t\t\t\t<div class=\"elementor-widget-wrap\">\n\t\t\t\t\t\t<div class=\"elementor-element elementor-element-0710f7d elementor-widget elementor-widget-heading\" data-id=\"0710f7d\" data-element_type=\"widget\" data-widget_type=\"heading.default\">\n\t\t\t\t<div class=\"elementor-widget-container\">\n\t\t\t<h3 class=\"elementor-heading-title elementor-size-default\">FABRICANTES<\/h3>\t\t<\/div>\n\t\t\t\t<\/div>\n\t\t\t\t<div class=\"elementor-element elementor-element-88e7c96 elementor-widget-divider--view-line elementor-widget elementor-widget-divider\" data-id=\"88e7c96\" data-element_type=\"widget\" data-widget_type=\"divider.default\">\n\t\t\t\t<div class=\"elementor-widget-container\">\n\t\t\t\t\t<div class=\"elementor-divider\">\n\t\t\t<span class=\"elementor-divider-separator\">\n\t\t\t\t\t\t<\/span>\n\t\t<\/div>\n\t\t\t\t<\/div>\n\t\t\t\t<\/div>\n\t\t\t\t<div class=\"elementor-element elementor-element-669cd10 fabricantes elementor-widget elementor-widget-text-editor\" data-id=\"669cd10\" data-element_type=\"widget\" data-widget_type=\"text-editor.default\">\n\t\t\t\t<div class=\"elementor-widget-container\">\n\t\t\t\t\t<div class=\"elementor-text-editor elementor-clearfix\"><ul><li><a href=\"https:\/\/www.bridgestone.com.br\/pt\" target=\"_blank\" rel=\"noopener\">Bridgestone do Brasil Ind. e Com. Ltda.<\/a><\/li><li><a href=\"https:\/\/www.fate.com.ar\/\" target=\"_blank\" rel=\"noopener\">Fate S.A.I.C.I.<\/a><\/li><li><a href=\"https:\/\/www.fvaindustria.com.br\/\" target=\"_blank\" rel=\"noopener\">Fva Ind\u00fastria de V\u00e1lvulas Automotivas Ltda.<\/a><\/li><li><a href=\"https:\/\/www.goodyear.com\/en-US\/international?expand=br\" target=\"_blank\" rel=\"noopener\">Goodyear do Brasil &#8211; Produtos de Borracha Ltda.<\/a><\/li><li><a href=\"http:\/\/www.maggion.com.br\/2011\/\" target=\"_blank\" rel=\"noopener\">Maggion Ind. Pneus M\u00e1quinas Ltda.<\/a><\/li><li><a href=\"http:\/\/www.maxionsc.com\/\" target=\"_blank\" rel=\"noopener\">Maxion Wheels a division of IOCHPE-MAXION S.A<\/a><\/li><li><a href=\"https:\/\/www.pirelli.com\/tyres\/pt-br\/carro\/homepage\" target=\"_blank\" rel=\"noopener\">Pirelli Pneus Ltda.<\/a><\/li><li><a href=\"https:\/\/www.michelin.com.br\/\" target=\"_blank\" rel=\"noopener\">Sociedade Michelin de Part. Ind. e Com. Ltda.<\/a><\/li><li><a href=\"http:\/\/www.titanlat.com\/\" target=\"_blank\" rel=\"noopener\">Titan Pneus do Brasil Ltda.<\/a><\/li><li><a href=\"https:\/\/www.conti.com.br\/pneus-de-passeio\" target=\"_blank\" rel=\"noopener\">Continental Produtos Automotivos Ltda.<\/a><\/li><li><a href=\"https:\/\/www.dunloppneus.com.br\/grupo-sumitomo-rubber\" target=\"_blank\" rel=\"noopener\">Sumitomo Rubber do Brasil Ltda.<\/a><\/li><li><a href=\"http:\/\/www.rinaldi.com.br\/\" target=\"_blank\" rel=\"noopener\">Rinaldi S\/A Ind\u00fastria de Pneum\u00e1ticos<\/a><\/li><li><a href=\"https:\/\/www.prometeon.com\/tyres\/pt-br\/truck_bus\/homepage#\" target=\"_blank\" rel=\"noopener\">Prometeon Tyre Group Ind\u00fastria Brasil Ltda.<\/a><\/li><\/ul><\/div>\n\t\t\t\t<\/div>\n\t\t\t\t<\/div>\n\t\t\t\t\t\t<\/div>\n\t\t\t\t\t<\/div>\n\t\t<\/div>\n\t\t\t\t\t\t\t\t<\/div>\n\t\t\t\t\t<\/div>\n\t\t<\/section>\n\t\t\t\t<section class=\"elementor-section elementor-top-section elementor-element elementor-element-60a29e5 elementor-section-boxed elementor-section-height-default elementor-section-height-default\" data-id=\"60a29e5\" data-element_type=\"section\">\n\t\t\t\t\t\t<div class=\"elementor-container elementor-column-gap-default\">\n\t\t\t\t\t\t\t<div class=\"elementor-row\">\n\t\t\t\t\t<div class=\"elementor-column elementor-col-100 elementor-top-column elementor-element elementor-element-e1e13a6\" data-id=\"e1e13a6\" data-element_type=\"column\">\n\t\t\t<div class=\"elementor-column-wrap elementor-element-populated\">\n\t\t\t\t\t\t\t<div class=\"elementor-widget-wrap\">\n\t\t\t\t\t\t<div class=\"elementor-element elementor-element-4bcd6d9 elementor-widget elementor-widget-heading\" data-id=\"4bcd6d9\" data-element_type=\"widget\" data-widget_type=\"heading.default\">\n\t\t\t\t<div class=\"elementor-widget-container\">\n\t\t\t<h3 class=\"elementor-heading-title elementor-size-default\">ENTIDADES T\u00c9CNICO-NORMATIVAS<\/h3>\t\t<\/div>\n\t\t\t\t<\/div>\n\t\t\t\t<div class=\"elementor-element elementor-element-0172355 elementor-widget-divider--view-line elementor-widget elementor-widget-divider\" data-id=\"0172355\" data-element_type=\"widget\" data-widget_type=\"divider.default\">\n\t\t\t\t<div class=\"elementor-widget-container\">\n\t\t\t\t\t<div class=\"elementor-divider\">\n\t\t\t<span class=\"elementor-divider-separator\">\n\t\t\t\t\t\t<\/span>\n\t\t<\/div>\n\t\t\t\t<\/div>\n\t\t\t\t<\/div>\n\t\t\t\t<div class=\"elementor-element elementor-element-14f162b entidades elementor-widget elementor-widget-text-editor\" data-id=\"14f162b\" data-element_type=\"widget\" data-widget_type=\"text-editor.default\">\n\t\t\t\t<div class=\"elementor-widget-container\">\n\t\t\t\t\t<div class=\"elementor-text-editor elementor-clearfix\"><ul><li><a href=\"http:\/\/www.abnt.org.br\/\" target=\"_blank\" rel=\"noopener\">ABNT<\/a><\/li><li><a href=\"http:\/\/www.inmetro.gov.br\/\" target=\"_blank\" rel=\"noopener\">INMETRO<\/a><\/li><li><a href=\"https:\/\/www.transportation.gov\/\" target=\"_blank\" rel=\"noopener\">D.O.T. &#8211; Department of Transportation<\/a><\/li><li><a href=\"http:\/\/www.etrto.org\/\" target=\"_blank\" rel=\"noopener\">E.T.R.T.O. &#8211; European Tyre and Rim Technical Organization<\/a><\/li><\/ul><\/div>\n\t\t\t\t<\/div>\n\t\t\t\t<\/div>\n\t\t\t\t\t\t<\/div>\n\t\t\t\t\t<\/div>\n\t\t<\/div>\n\t\t\t\t\t\t\t\t<\/div>\n\t\t\t\t\t<\/div>\n\t\t<\/section>\n\t\t\t\t\t\t<\/div>\n\t\t\t\t\t\t<\/div>\n\t\t\t\t\t<\/div>\n\t\t","protected":false},"excerpt":{"rendered":"<p>Enlaces FABRICANTES Bridgestone do Brasil Ind. e Com. Ltda. Fate S.A.I.C.I. Fva Ind\u00fastria de V\u00e1lvulas Automotivas Ltda. Goodyear do Brasil &#8211; Produtos de Borracha Ltda. Maggion Ind. Pneus M\u00e1quinas Ltda. Maxion Wheels a division of IOCHPE-MAXION S.A Pirelli Pneus Ltda. Sociedade Michelin de Part. Ind. e Com. Ltda. Titan Pneus do Brasil Ltda. Continental Produtos [&hellip;]<\/p>\n","protected":false},"author":1,"featured_media":0,"parent":0,"menu_order":0,"comment_status":"closed","ping_status":"closed","template":"elementor_header_footer","meta":{"footnotes":""},"class_list":["post-407","page","type-page","status-publish","hentry"],"_links":{"self":[{"href":"https:\/\/alapa.org.br\/es\/wp-json\/wp\/v2\/pages\/407","targetHints":{"allow":["GET"]}}],"collection":[{"href":"https:\/\/alapa.org.br\/es\/wp-json\/wp\/v2\/pages"}],"about":[{"href":"https:\/\/alapa.org.br\/es\/wp-json\/wp\/v2\/types\/page"}],"author":[{"embeddable":true,"href":"https:\/\/alapa.org.br\/es\/wp-json\/wp\/v2\/users\/1"}],"replies":[{"embeddable":true,"href":"https:\/\/alapa.org.br\/es\/wp-json\/wp\/v2\/comments?post=407"}],"version-history":[{"count":17,"href":"https:\/\/alapa.org.br\/es\/wp-json\/wp\/v2\/pages\/407\/revisions"}],"predecessor-version":[{"id":1247,"href":"https:\/\/alapa.org.br\/es\/wp-json\/wp\/v2\/pages\/407\/revisions\/1247"}],"wp:attachment":[{"href":"https:\/\/alapa.org.br\/es\/wp-json\/wp\/v2\/media?parent=407"}],"curies":[{"name":"wp","href":"https:\/\/api.w.org\/{rel}","templated":true}]}}